{"id":5418,"date":"2017-02-02T14:27:30","date_gmt":"2017-02-02T13:27:30","guid":{"rendered":"https:\/\/gemini.si\/kontakt\/"},"modified":"2024-11-11T10:31:04","modified_gmt":"2024-11-11T09:31:04","slug":"kontakt","status":"publish","type":"page","link":"https:\/\/gemini.si\/hr\/kontakt\/","title":{"rendered":"Kontakt"},"content":{"rendered":"<div id='av-layout-grid-1'  class='av-layout-grid-container entry-content-wrapper main_color av-flex-cells     avia-builder-el-0  el_before_av_section  avia-builder-el-first  container_wrap sidebar_right' style=' '  >\n<div class=\"flex_cell no_margin av_one_full  avia-builder-el-1  avia-builder-el-no-sibling   av-zero-padding \"  style='height:500px; min-height:500px;vertical-align:top; padding:0; ' ><div class='flex_cell_inner' ><section class=\"av_textblock_section \"  itemscope=\"itemscope\" itemtype=\"https:\/\/schema.org\/CreativeWork\" ><div class='avia_textblock  '   itemprop=\"text\" >\n<\/div><\/section>\n<\/div><\/div>\n<\/div>\n<div id='av_section_1'  class='avia-section main_color avia-section-large avia-no-border-styling  avia-bg-style-scroll  avia-builder-el-3  el_after_av_layout_row  el_before_av_section   av-arrow-down-section container_wrap sidebar_right' style=' '  ><div class='container' ><div class='template-page content  av-content-small alpha units'><div class='post-entry post-entry-type-page post-entry-5418'><div class='entry-content-wrapper clearfix'>\n<div  style='padding-bottom:20px; font-size:40px;' class='av-special-heading av-special-heading-h2  blockquote modern-quote  avia-builder-el-4  el_before_av_one_half  avia-builder-el-first  av-inherit-size '><h2 class='av-special-heading-tag '  itemprop=\"headline\"  >Pi\u0161ite nam<\/h2><div class='special-heading-border'><div class='special-heading-inner-border' ><\/div><\/div><\/div>\n<div class=\"flex_column av_one_half  flex_column_div av-zero-column-padding first  avia-builder-el-5  el_after_av_heading  el_before_av_one_half  \" style='border-radius:0px; '><form action=\"https:\/\/gemini.si\/hr\/kontakt\/\" method=\"post\"  class=\"avia_ajax_form av-form-labels-hidden   avia-builder-el-6  avia-builder-el-no-sibling   \" data-avia-form-id=\"1\" data-avia-redirect='' ><fieldset><p class='  first_form  form_element form_element_half' id='element_avia_1_1'><label for=\"avia_1_1\">Ime <abbr class=\"required\" title=\"required\">*<\/abbr><\/label> <input name=\"avia_1_1\" class=\"text_input is_empty\" type=\"text\" id=\"avia_1_1\" value=\"\"  placeholder='Ime*'\/><\/p><p class='  form_element form_element_half' id='element_avia_2_1'><label for=\"avia_2_1\">E-Mail <abbr class=\"required\" title=\"required\">*<\/abbr><\/label> <input name=\"avia_2_1\" class=\"text_input is_email\" type=\"text\" id=\"avia_2_1\" value=\"\"  placeholder='E-Mail*'\/><\/p><p class='  first_form  form_element form_fullwidth' id='element_avia_3_1'><label for=\"avia_3_1\">Telefon <abbr class=\"required\" title=\"required\">*<\/abbr><\/label> <input name=\"avia_3_1\" class=\"text_input is_phone\" type=\"text\" id=\"avia_3_1\" value=\"\"  placeholder='Telefon*'\/><\/p><p class='  first_form  form_element form_fullwidth' id='element_avia_4_1'><label for=\"avia_4_1\">Predmet <abbr class=\"required\" title=\"required\">*<\/abbr><\/label> <input name=\"avia_4_1\" class=\"text_input is_empty\" type=\"text\" id=\"avia_4_1\" value=\"\"  placeholder='Predmet*'\/><\/p><p class='  first_form  form_element form_fullwidth av-last-visible-form-element' id='element_avia_5_1'><label for=\"avia_5_1\" class=\"textare_label hidden textare_label_avia_5_1\">Poruka <abbr class=\"required\" title=\"required\">*<\/abbr><\/label><textarea  placeholder='Poruka*' name=\"avia_5_1\" class=\"text_area is_empty\" cols=\"40\" rows=\"7\" id=\"avia_5_1\" ><\/textarea><\/p><p class=\"hidden\"><input type=\"text\" name=\"avia_6_1\" class=\"hidden \" id=\"avia_6_1\" value=\"\" \/><\/p><p class=\"form_element \"><input type=\"hidden\" value=\"1\" name=\"avia_generated_form1\" \/><input type=\"submit\" value=\"Po\u0161alji\" class=\"button\"  data-sending-label=\"Sending\"\/><\/p><\/fieldset><\/form><div id=\"ajaxresponse_1\" class=\"ajaxresponse ajaxresponse_1 hidden\"><\/div><\/div><div class=\"flex_column av_one_half  flex_column_div av-zero-column-padding   avia-builder-el-7  el_after_av_one_half  avia-builder-el-last  \" style='border-radius:0px; '><section class=\"av_textblock_section \"  itemscope=\"itemscope\" itemtype=\"https:\/\/schema.org\/CreativeWork\" ><div class='avia_textblock  '   itemprop=\"text\" ><h4>ADRESA SJEDI\u0160TA<br \/>\n GEMINI Bilje doo<\/h4>\n<p>Bilje 142a<br \/>\nSI-5292 Ren\u010de<\/p>\n<h4>Kontakt<\/h4>\n<p>@: <a href=\"mailto:info@gemini.si\">info@gemini.si<\/a><br \/>\n T: +386 (0)5 395 52 56 <\/p>\n<h4>URED KOPER &#8211; LUKA KOPER<\/h4>\n<p>Ankaranska cesta 7<br \/>\nSI-6000 Koper<\/p>\n<h4>Kontakt<\/h4>\n<p>@: <a href=\"mailto:sales@gemini.si\">prodaja@gemini.si<\/a><br \/>\n T: +386 (0)5 630 92 27 <\/p>\n<h4>URED VRTOJBA &#8211; RA\u010cUNOVODSTVO<\/h4>\n<p>MMP Vrtojba 2<br \/>\nSI-5290 \u0160empeter pri Gorici<\/p>\n<h4>Kontakt<\/h4>\n<p>@: <a href=\"mailto:racunovodstvo@gemini.si\">racunovodstvo@gemini.si<\/a><br \/>\n T: +386 (0)5 395 52 57 <\/p>\n<h4>URED RIJEKA &#8211; LUKA RIJEKA<\/h4>\n<p>Wenzelova 2<br \/>\nHR-51000 Rijeka<\/p>\n<h4>Kontakt<\/h4>\n<p>@: <a href=\"mailto:rijeka@gemini.si\">rijeka@gemini.si<\/a><br \/>\n T: +385 (0) 51 2728 92 <\/p>\n<h4><\/h4>\n<\/div><\/section><\/div><\/div><\/div><\/div><!-- close content main div --><\/div><div class='av-extra-border-element border-extra-arrow-down'><div class='av-extra-border-outer'><div class='av-extra-border-inner'  style='background-color:#ffffff;' ><\/div><\/div><\/div><\/div><div id='newsletter'  class='avia-section main_color avia-section-huge avia-no-border-styling  avia-full-stretch av-section-color-overlay-active avia-bg-style-fixed  avia-builder-el-9  el_after_av_section  avia-builder-el-last   container_wrap sidebar_right' style='background-repeat: no-repeat; background-image: url(https:\/\/gemini.si\/wp-content\/uploads\/2020\/12\/Group-358@2x.png);background-attachment: fixed; background-position: center center;  '  data-section-bg-repeat='stretch'><div class='av-section-color-overlay-wrap'><div class='av-section-color-overlay' style='opacity: 0.9; background-color: #35383c; '><\/div><div class='container' ><div class='template-page content  av-content-small alpha units'><div class='post-entry post-entry-type-page post-entry-5418'><div class='entry-content-wrapper clearfix'>\n<div  style='padding-bottom:20px; color:#ffffff;font-size:40px;' class='av-special-heading av-special-heading-h1 custom-color-heading blockquote modern-quote modern-centered  avia-builder-el-10  el_before_av_one_fifth  avia-builder-el-first  av-inherit-size '><h1 class='av-special-heading-tag '  itemprop=\"headline\"  >\u017delite li biti informirani?<br \/>\nPrijavite se za na\u0161 newsletter<\/h1><div class='special-heading-border'><div class='special-heading-inner-border' style='border-color:#ffffff'><\/div><\/div><\/div>\n<div class=\"flex_column av_one_fifth  av-animated-generic fade-in  flex_column_div av-zero-column-padding first  avia-builder-el-11  el_after_av_heading  el_before_av_three_fifth  \" style='border-radius:0px; '><\/div><div class=\"flex_column av_three_fifth  av-animated-generic fade-in  flex_column_div av-zero-column-padding   avia-builder-el-12  el_after_av_one_fifth  el_before_av_one_fifth  \" style='border-radius:0px; '><p><form action=\"https:\/\/gemini.si\/hr\/kontakt\/\" method=\"post\"  data-av-custom-send='mailchimp_send' class=\"avia_ajax_form av-form-labels-visible   avia-builder-el-13  el_before_av_textblock  avia-builder-el-first   avia-mailchimp-form \" data-avia-form-id=\"2\" data-avia-redirect='' ><fieldset><p class='  first_form  form_element form_fullwidth' id='element_avia_0_2'><label for=\"avia_0_2\">Email naslov <abbr class=\"required\" title=\"required\">*<\/abbr><\/label> <input name=\"avia_0_2\" class=\"text_input is_email\" type=\"text\" id=\"avia_0_2\" value=\"\" \/><\/p><p class='  first_form  form_element form_fullwidth' id='element_avia_1_2'><label for=\"avia_1_2\">Ime<\/label> <input name=\"avia_1_2\" class=\"text_input \" type=\"text\" id=\"avia_1_2\" value=\"\" \/><\/p><p class=\"form_element  first_form  form_element form_fullwidth av-last-visible-form-element modified_width\"><input type=\"hidden\" value=\"1\" name=\"avia_generated_form2\" \/><input type=\"submit\" value=\"Po\u0161lji\" class=\"button\"  data-sending-label=\"Sending\"\/><\/p><p class=\"hidden\"><input type=\"text\" name=\"avia_avia_username_2\" class=\"hidden \" id=\"avia_avia_username_2\" value=\"\" \/><\/p><\/fieldset><\/form><div id=\"ajaxresponse_2\" class=\"ajaxresponse ajaxresponse_2 hidden\"><\/div><br \/>\n<section class=\"av_textblock_section \"  itemscope=\"itemscope\" itemtype=\"https:\/\/schema.org\/CreativeWork\" ><div class='avia_textblock  av_inherit_color '  style='color:#cecece; '  itemprop=\"text\" ><p style=\"text-align: center;\">Prijavom na na\u0161 newsletter primat \u0107ete najnovija a\u017euriranja o GEMINI i logisti\u010dkim uslugama<\/p>\n<\/div><\/section><\/p><\/div><div class=\"flex_column av_one_fifth  av-animated-generic fade-in  flex_column_div av-zero-column-padding   avia-builder-el-15  el_after_av_three_fifth  avia-builder-el-last  \" style='border-radius:0px; '><\/div>\n<\/div><\/div><\/div><!-- close content main div --><\/div><\/div><\/div><div id='after_section_2'  class='main_color av_default_container_wrap container_wrap sidebar_right' style=' '  ><div class='container' ><div class='template-page content  av-content-small alpha units'><div class='post-entry post-entry-type-page post-entry-5418'><div class='entry-content-wrapper clearfix'><\/p>\n","protected":false},"excerpt":{"rendered":"","protected":false},"author":1,"featured_media":0,"parent":0,"menu_order":0,"comment_status":"closed","ping_status":"closed","template":"","meta":{"footnotes":""},"class_list":["post-5418","page","type-page","status-publish","hentry"],"_links":{"self":[{"href":"https:\/\/gemini.si\/hr\/wp-json\/wp\/v2\/pages\/5418"}],"collection":[{"href":"https:\/\/gemini.si\/hr\/wp-json\/wp\/v2\/pages"}],"about":[{"href":"https:\/\/gemini.si\/hr\/wp-json\/wp\/v2\/types\/page"}],"author":[{"embeddable":true,"href":"https:\/\/gemini.si\/hr\/wp-json\/wp\/v2\/users\/1"}],"replies":[{"embeddable":true,"href":"https:\/\/gemini.si\/hr\/wp-json\/wp\/v2\/comments?post=5418"}],"version-history":[{"count":9,"href":"https:\/\/gemini.si\/hr\/wp-json\/wp\/v2\/pages\/5418\/revisions"}],"predecessor-version":[{"id":5776,"href":"https:\/\/gemini.si\/hr\/wp-json\/wp\/v2\/pages\/5418\/revisions\/5776"}],"wp:attachment":[{"href":"https:\/\/gemini.si\/hr\/wp-json\/wp\/v2\/media?parent=5418"}],"curies":[{"name":"wp","href":"https:\/\/api.w.org\/{rel}","templated":true}]}}