{"id":5694,"date":"2023-05-24T13:16:20","date_gmt":"2023-05-24T12:16:20","guid":{"rendered":"https:\/\/gemini.si\/zaposljavanje\/"},"modified":"2024-10-28T12:41:36","modified_gmt":"2024-10-28T11:41:36","slug":"zaposljavanje","status":"publish","type":"page","link":"https:\/\/gemini.si\/hr\/zaposljavanje\/","title":{"rendered":"Zapo\u0161ljavanje"},"content":{"rendered":"<div id='layer_slider_1'  class='avia-layerslider main_color avia-shadow  avia-builder-el-0  el_before_av_hr  avia-builder-el-first  container_wrap sidebar_right' style='  height: 721px; max-width: 1280px; margin: 0 auto;' ><\/div><div id='after_layer_slider_1'  class='main_color av_default_container_wrap container_wrap sidebar_right' style=' '  ><div class='container' ><div class='template-page content  av-content-small alpha units'><div class='post-entry post-entry-type-page post-entry-5694'><div class='entry-content-wrapper clearfix'>\n<div  style='height:50px' class='hr hr-invisible   avia-builder-el-1  el_after_av_layerslider  el_before_av_layout_row  avia-builder-el-no-sibling '><span class='hr-inner ' ><span class='hr-inner-style'><\/span><\/span><\/div>\n<\/div><\/div><\/div><!-- close content main div --><\/div><\/div><div id='av-layout-grid-1'  class='av-layout-grid-container entry-content-wrapper main_color av-flex-cells   av-border-cells  avia-builder-el-2  el_after_av_hr  el_before_av_one_half  submenu-not-first container_wrap sidebar_right' style=' '  >\n<div class=\"flex_cell no_margin av_one_fourth  avia-builder-el-3  el_before_av_cell_one_fourth  avia-builder-el-first  job-benefits  \"  style='background:url(https:\/\/gemini.si\/wp-content\/uploads\/2023\/05\/045-gemini-495x400.jpg) center center no-repeat scroll; vertical-align:top; padding:70px 30px 70px 30px ; ' ><div class='flex_cell_inner' ><section class=\"av_textblock_section \"  itemscope=\"itemscope\" itemtype=\"https:\/\/schema.org\/CreativeWork\" ><div class='avia_textblock  av_inherit_color '  style='color:#ffffff; '  itemprop=\"text\" ><h2>Jednostavna rje\u0161enja za slo\u017eenu logistiku<\/h2>\n<\/div><\/section><br \/>\n<div  style=' margin-top:5px; margin-bottom:5px;'  class='hr hr-custom hr-left hr-icon-no   avia-builder-el-5  el_after_av_textblock  el_before_av_textblock '><span class='hr-inner  inner-border-av-border-fat' style=' width:60%; border-color:#df2a19;' ><span class='hr-inner-style'><\/span><\/span><\/div><br \/>\n<section class=\"av_textblock_section \"  itemscope=\"itemscope\" itemtype=\"https:\/\/schema.org\/CreativeWork\" ><div class='avia_textblock  av_inherit_color '  style='color:#ffffff; '  itemprop=\"text\" ><p><strong>GEMINI je pouzdan i pouzdan logisti\u010dar u blizini Luke Koper.<\/strong><\/p>\n<\/div><\/section><\/p>\n<\/div><\/div><div class=\"flex_cell no_margin av_one_fourth  avia-builder-el-7  el_after_av_cell_one_fourth  el_before_av_cell_one_fourth  job-benefits  \"  style='background:url(https:\/\/gemini.si\/wp-content\/uploads\/2023\/05\/cerje1-47-495x400.jpg) center center no-repeat scroll; vertical-align:top; padding:70px 30px 70px 30px ; ' ><div class='flex_cell_inner' ><section class=\"av_textblock_section \"  itemscope=\"itemscope\" itemtype=\"https:\/\/schema.org\/CreativeWork\" ><div class='avia_textblock  av_inherit_color '  style='color:#ffffff; '  itemprop=\"text\" ><h2>Inovativna isplativa rje\u0161enja<\/h2>\n<\/div><\/section><br \/>\n<div  style=' margin-top:5px; margin-bottom:5px;'  class='hr hr-custom hr-left hr-icon-no   avia-builder-el-9  el_after_av_textblock  el_before_av_textblock '><span class='hr-inner  inner-border-av-border-fat' style=' width:60%; border-color:#df2a19;' ><span class='hr-inner-style'><\/span><\/span><\/div><br \/>\n<section class=\"av_textblock_section \"  itemscope=\"itemscope\" itemtype=\"https:\/\/schema.org\/CreativeWork\" ><div class='avia_textblock  av_inherit_color '  style='color:#ffffff; '  itemprop=\"text\" ><p><strong>Na\u0161i klijenti imaju koristi od inovativnih isplativih logisti\u010dkih rje\u0161enja koja zadovoljavaju njihove specifi\u010dne potrebe.<\/strong><\/p>\n<\/div><\/section><\/p>\n<\/div><\/div><div class=\"flex_cell no_margin av_one_fourth  avia-builder-el-11  el_after_av_cell_one_fourth  el_before_av_cell_one_fourth  job-benefits  \"  style='background:url(https:\/\/gemini.si\/wp-content\/uploads\/2023\/05\/cerje1-49-495x400.jpg) center center no-repeat scroll; vertical-align:top; padding:70px 30px 70px 30px ; ' ><div class='flex_cell_inner' ><section class=\"av_textblock_section \"  itemscope=\"itemscope\" itemtype=\"https:\/\/schema.org\/CreativeWork\" ><div class='avia_textblock  av_inherit_color '  style='color:#ffffff; '  itemprop=\"text\" ><h2>Suradnja i timski rad<\/h2>\n<\/div><\/section><br \/>\n<div  style=' margin-top:5px; margin-bottom:5px;'  class='hr hr-custom hr-left hr-icon-no   avia-builder-el-13  el_after_av_textblock  el_before_av_textblock '><span class='hr-inner  inner-border-av-border-fat' style=' width:60%; border-color:#df2a19;' ><span class='hr-inner-style'><\/span><\/span><\/div><br \/>\n<section class=\"av_textblock_section \"  itemscope=\"itemscope\" itemtype=\"https:\/\/schema.org\/CreativeWork\" ><div class='avia_textblock  av_inherit_color '  style='color:#ffffff; '  itemprop=\"text\" ><p><strong>Timski rad je klju\u010d uspjeha i mi rastemo kroz na\u0161e osobne prilike za karijeru.<\/strong><\/p>\n<\/div><\/section><\/p>\n<\/div><\/div><div class=\"flex_cell no_margin av_one_fourth  avia-builder-el-15  el_after_av_cell_one_fourth  avia-builder-el-last  job-benefits  \"  style='background:url(https:\/\/gemini.si\/wp-content\/uploads\/2023\/05\/cerje1-34-495x400.jpg) center center no-repeat scroll; vertical-align:top; padding:70px 30px 70px 30px ; ' ><div class='flex_cell_inner' ><section class=\"av_textblock_section \"  itemscope=\"itemscope\" itemtype=\"https:\/\/schema.org\/CreativeWork\" ><div class='avia_textblock  av_inherit_color '  style='color:#ffffff; '  itemprop=\"text\" ><h2>Dru\u0161tvena odgovornost<\/h2>\n<\/div><\/section><br \/>\n<div  style=' margin-top:5px; margin-bottom:5px;'  class='hr hr-custom hr-left hr-icon-no   avia-builder-el-17  el_after_av_textblock  el_before_av_textblock '><span class='hr-inner  inner-border-av-border-fat' style=' width:60%; border-color:#df2a19;' ><span class='hr-inner-style'><\/span><\/span><\/div><br \/>\n<section class=\"av_textblock_section \"  itemscope=\"itemscope\" itemtype=\"https:\/\/schema.org\/CreativeWork\" ><div class='avia_textblock  av_inherit_color '  style='color:#ffffff; '  itemprop=\"text\" ><p><strong>Obiteljska smo tvrtka s dugogodi\u0161njom tradicijom ugra\u0111enom u \u0161ire okru\u017eenje. Aktivno provodimo strategiju odr\u017eivog razvoja. <\/strong><\/p>\n<\/div><\/section><\/p>\n<\/div><\/div>\n<\/div><div id='after_submenu_1'  class='main_color av_default_container_wrap container_wrap sidebar_right' style=' '  ><div class='container' ><div class='template-page content  av-content-small alpha units'><div class='post-entry post-entry-type-page post-entry-5694'><div class='entry-content-wrapper clearfix'>\n<div class=\"flex_column av_one_half  flex_column_div av-zero-column-padding first  avia-builder-el-19  el_after_av_layout_row  el_before_av_one_half  avia-builder-el-first  \" style='border-radius:0px; '><section class=\"av_textblock_section \"  itemscope=\"itemscope\" itemtype=\"https:\/\/schema.org\/CreativeWork\" ><div class='avia_textblock  '   itemprop=\"text\" ><h2 style=\"text-align: left;\"><span style=\"color: #df2a19;\">Razvoj<\/span> zaposlenika<\/h2>\n<\/div><\/section><br \/>\n<div  style=' margin-top:5px; margin-bottom:5px;'  class='hr hr-custom hr-left hr-icon-no   avia-builder-el-21  el_after_av_textblock  el_before_av_textblock '><span class='hr-inner  inner-border-av-border-fat' style=' width:60%; border-color:#df2a19;' ><span class='hr-inner-style'><\/span><\/span><\/div><br \/>\n<section class=\"av_textblock_section \"  itemscope=\"itemscope\" itemtype=\"https:\/\/schema.org\/CreativeWork\" ><div class='avia_textblock  '   itemprop=\"text\" ><p style=\"text-align: left;\">Vjerujemo da je najbolji na\u010din za <strong>uspjeh<\/strong> na\u0161ih zaposlenika <strong>poticanje<\/strong> i pru\u017eanje alata koji su im potrebni za <strong>razvoj<\/strong> karijere. Na\u0161im zaposlenicima nudimo \u0161irok raspon <strong>obuka<\/strong> , kako na radnom mjestu tako i izvan njega, opremaju\u0107i ih <strong>vje\u0161tinama<\/strong> koje su im potrebne u radu. <\/p>\n<\/div><\/section><\/p><\/div>\n<div class=\"flex_column av_one_half  flex_column_div av-zero-column-padding   avia-builder-el-23  el_after_av_one_half  el_before_av_one_full  \" style='border-radius:0px; '><div  class='avia-video avia-video-16-9 avia-video-html5  '   itemprop=\"video\" itemtype=\"https:\/\/schema.org\/VideoObject\"  data-original_url='https:\/\/gemini.si\/wp-content\/uploads\/2023\/05\/Gemini-fin.webm' ><video class='avia_video'    preload=\"auto\"  controls id='player_5694_1011855608_761926259'><source src=\"https:\/\/gemini.si\/wp-content\/uploads\/2023\/05\/Gemini-fin.webm\" type=\"video\/webm\" \/><\/video><\/div><\/div>\n<div class=\"flex_column av_one_full  flex_column_div av-zero-column-padding first  avia-builder-el-25  el_after_av_one_half  avia-builder-el-last  column-top-margin\" style='border-radius:0px; '><div  class='avia-button-wrap avia-button-center  avia-builder-el-26  avia-builder-el-no-sibling ' ><a href='https:\/\/gemini.fledgehr.com\/jobs' class='avia-button  avia-color-theme-color  avia-font-color-theme-color  avia-icon_select-yes-left-icon avia-size-x-large avia-position-center ' target=\"_blank\" rel=\"noopener noreferrer\"><span class='avia_button_icon avia_button_icon_left ' aria-hidden='true' data-av_icon='\ue80b' data-av_iconfont='entypo-fontello'><\/span><span class='avia_iconbox_title' >Slobodna radna mjesta<\/span><span class='avia_button_background avia-button avia-color-theme-color' ><\/span><\/a><\/div><\/div>\n","protected":false},"excerpt":{"rendered":"","protected":false},"author":7,"featured_media":0,"parent":0,"menu_order":0,"comment_status":"closed","ping_status":"closed","template":"","meta":{"footnotes":""},"class_list":["post-5694","page","type-page","status-publish","hentry"],"_links":{"self":[{"href":"https:\/\/gemini.si\/hr\/wp-json\/wp\/v2\/pages\/5694"}],"collection":[{"href":"https:\/\/gemini.si\/hr\/wp-json\/wp\/v2\/pages"}],"about":[{"href":"https:\/\/gemini.si\/hr\/wp-json\/wp\/v2\/types\/page"}],"author":[{"embeddable":true,"href":"https:\/\/gemini.si\/hr\/wp-json\/wp\/v2\/users\/7"}],"replies":[{"embeddable":true,"href":"https:\/\/gemini.si\/hr\/wp-json\/wp\/v2\/comments?post=5694"}],"version-history":[{"count":5,"href":"https:\/\/gemini.si\/hr\/wp-json\/wp\/v2\/pages\/5694\/revisions"}],"predecessor-version":[{"id":5699,"href":"https:\/\/gemini.si\/hr\/wp-json\/wp\/v2\/pages\/5694\/revisions\/5699"}],"wp:attachment":[{"href":"https:\/\/gemini.si\/hr\/wp-json\/wp\/v2\/media?parent=5694"}],"curies":[{"name":"wp","href":"https:\/\/api.w.org\/{rel}","templated":true}]}}